{"id":208293,"date":"2018-06-20T19:30:57","date_gmt":"2018-06-20T17:30:57","guid":{"rendered":"https:\/\/www.geoplan-uwt.de\/cms\/?page_id=208293"},"modified":"2022-10-18T12:07:54","modified_gmt":"2022-10-18T10:07:54","slug":"impressum","status":"publish","type":"page","link":"https:\/\/www.geoplan-uwt.de\/cms\/impressum\/","title":{"rendered":"Impressum"},"content":{"rendered":"<p>[et_pb_section fb_built=&#8220;1&#8243; disabled_on=&#8220;off|off|off&#8220; admin_label=&#8220;Header Section&#8220; _builder_version=&#8220;4.16&#8243; background_image=&#8220;https:\/\/www.geoplan-uwt.de\/cms\/wp-content\/uploads\/2018\/06\/PX_Erde-Gras-3371528_1920.jpg&#8220; background_position=&#8220;top_center&#8220; custom_padding=&#8220;0px||0px|&#8220; collapsed=&#8220;off&#8220; global_colors_info=&#8220;{}&#8220;][et_pb_row column_padding_mobile=&#8220;on&#8220; custom_padding_last_edited=&#8220;on|desktop&#8220; admin_label=&#8220;row&#8220; _builder_version=&#8220;4.16&#8243; background_size=&#8220;initial&#8220; background_position=&#8220;top_left&#8220; background_repeat=&#8220;repeat&#8220; custom_padding=&#8220;13.8%||12.4%||false|false&#8220; custom_padding_tablet=&#8220;&#8220; custom_padding_phone=&#8220;100px||100px|&#8220; collapsed=&#8220;off&#8220; global_colors_info=&#8220;{}&#8220;][et_pb_column type=&#8220;4_4&#8243; _builder_version=&#8220;4.16&#8243; custom_padding=&#8220;|||&#8220; global_colors_info=&#8220;{}&#8220; custom_padding__hover=&#8220;|||&#8220;][et_pb_text admin_label=&#8220;Title Impressum&#8220; _builder_version=&#8220;4.16&#8243; text_font_size=&#8220;60&#8243; background_size=&#8220;initial&#8220; background_position=&#8220;top_left&#8220; background_repeat=&#8220;repeat&#8220; background_layout=&#8220;dark&#8220; max_width_tablet=&#8220;&#8220; max_width_phone=&#8220;&#8220; max_width_last_edited=&#8220;on|phone&#8220; custom_margin=&#8220;||30px|&#8220; animation_style=&#8220;slide&#8220; text_font_size_tablet=&#8220;35&#8243; text_font_size_phone=&#8220;25&#8243; text_font_size_last_edited=&#8220;on|desktop&#8220; header_font_size_last_edited=&#8220;off|desktop&#8220; custom_css_main_element=&#8220;font-weight:900!important;&#8220; global_colors_info=&#8220;{}&#8220;][\/et_pb_text][\/et_pb_column][\/et_pb_row][\/et_pb_section][et_pb_section fb_built=&#8220;1&#8243; specialty=&#8220;on&#8220; background_repeat_1=&#8220;no-repeat&#8220; background_repeat_2=&#8220;no-repeat&#8220; background_position_1=&#8220;top_left&#8220; background_position_2=&#8220;top_left&#8220; custom_css_main_2=&#8220;margin-top: 53px;&#8220; admin_label=&#8220;Schwerpunkte Arbeit&#8220; module_id=&#8220;planning&#8220; _builder_version=&#8220;4.16&#8243; background_color=&#8220;#ffffff&#8220; custom_padding=&#8220;25px|0px|0|0px|false|false&#8220; collapsed=&#8220;off&#8220; global_colors_info=&#8220;{}&#8220;][et_pb_column type=&#8220;1_3&#8243; _builder_version=&#8220;4.16&#8243; custom_padding=&#8220;|||&#8220; global_colors_info=&#8220;{}&#8220; custom_padding__hover=&#8220;|||&#8220;][et_pb_text admin_label=&#8220;Preheader&#8220; _builder_version=&#8220;4.16&#8243; text_text_color=&#8220;#6db744&#8243; text_font_size=&#8220;18&#8243; background_size=&#8220;initial&#8220; background_position=&#8220;top_left&#8220; background_repeat=&#8220;repeat&#8220; custom_margin=&#8220;||15px|&#8220; text_font_size_tablet=&#8220;16&#8243; text_font_size_phone=&#8220;14&#8243; text_font_size_last_edited=&#8220;on|phone&#8220; custom_css_main_element=&#8220;font-weight:300;&#8220; border_style=&#8220;solid&#8220; global_colors_info=&#8220;{}&#8220;]<\/p>\n<p>\nNutzungsbedingungen<\/p>\n<p>[\/et_pb_text][et_pb_text admin_label=&#8220;Header&#8220; _builder_version=&#8220;4.16&#8243; text_font_size=&#8220;45&#8243; background_size=&#8220;initial&#8220; background_position=&#8220;top_left&#8220; background_repeat=&#8220;repeat&#8220; max_width_tablet=&#8220;&#8220; max_width_phone=&#8220;&#8220; max_width_last_edited=&#8220;on|phone&#8220; custom_margin=&#8220;||10px|&#8220; text_font_size_tablet=&#8220;35&#8243; text_font_size_phone=&#8220;25&#8243; text_font_size_last_edited=&#8220;off|phone&#8220; header_font_size_last_edited=&#8220;off|desktop&#8220; custom_css_main_element=&#8220;font-weight:900!important;&#8220; border_style=&#8220;solid&#8220; global_colors_info=&#8220;{}&#8220;]<\/p>\n<h2>Impressum<\/h2>\n<p>[\/et_pb_text][et_pb_divider divider_position=&#8220;center&#8220; divider_weight=&#8220;2&#8243; admin_label=&#8220;Divider (left)&#8220; _builder_version=&#8220;4.16&#8243; custom_css_before=&#8220;width: 100px;&#8220; hide_on_mobile=&#8220;off&#8220; global_colors_info=&#8220;{}&#8220;][\/et_pb_divider][et_pb_divider show_divider=&#8220;off&#8220; _builder_version=&#8220;4.16&#8243; global_colors_info=&#8220;{}&#8220;][\/et_pb_divider][et_pb_text admin_label=&#8220;TXT Adresse&#8220; _builder_version=&#8220;4.16&#8243; background_size=&#8220;initial&#8220; background_position=&#8220;top_left&#8220; background_repeat=&#8220;repeat&#8220; max_width=&#8220;720px&#8220; custom_margin=&#8220;0px||40px|&#8220; custom_margin_tablet=&#8220;0px||38px|&#8220; custom_margin_phone=&#8220;&#8220; custom_margin_last_edited=&#8220;on|phone&#8220; custom_css_main_element=&#8220;font-weight:300;&#8220; border_style=&#8220;solid&#8220; global_colors_info=&#8220;{}&#8220;]<\/p>\n<p><strong><span style=\"color: #6db744;\">Geoplan<\/span><br \/><\/strong><strong>B\u00fcro f\u00fcr Umwelttechnik<\/strong><br \/>Oberrieder Sra\u00dfe 3<br \/>D-79117 Freiburg i. Brsg.<\/p>\n<p><strong><span style=\"color: #6db744;\">Inhaber<br \/><\/span>Hermannm Buberl\u00a0 <\/strong>Dipl. Forstwirt<br \/>Umsatzsteuer-ID: DE 243985541<\/p>\n<p>[\/et_pb_text][\/et_pb_column][et_pb_column type=&#8220;2_3&#8243; specialty_columns=&#8220;2&#8243; _builder_version=&#8220;4.16&#8243; custom_padding=&#8220;|||&#8220; global_colors_info=&#8220;{}&#8220; custom_padding__hover=&#8220;|||&#8220;][et_pb_row_inner admin_label=&#8220;Row&#8220; _builder_version=&#8220;4.16&#8243; global_colors_info=&#8220;{}&#8220;][et_pb_column_inner saved_specialty_column_type=&#8220;2_3&#8243; module_class=&#8220;mp_blurb_column&#8220; _builder_version=&#8220;4.16&#8243; background_position=&#8220;top_left&#8220; custom_padding=&#8220;|||&#8220; global_colors_info=&#8220;{}&#8220; custom_padding__hover=&#8220;|||&#8220;][et_pb_text admin_label=&#8220;Subheader TXT Profil&#8220; _builder_version=&#8220;4.16&#8243; background_size=&#8220;initial&#8220; background_position=&#8220;top_left&#8220; background_repeat=&#8220;repeat&#8220; max_width=&#8220;720px&#8220; custom_margin=&#8220;0px||40px|&#8220; custom_margin_tablet=&#8220;0px||38px|&#8220; custom_margin_phone=&#8220;&#8220; custom_margin_last_edited=&#8220;on|phone&#8220; custom_css_main_element=&#8220;font-weight:300;&#8220; border_style=&#8220;solid&#8220; global_colors_info=&#8220;{}&#8220;]<\/p>\n<p>\nRechtliche Angaben gem\u00e4\u00df Telemediengesetz (TMG) \u00a7 5 der Bundesrepublik Deutschland<\/p>\n<p>[\/et_pb_text][\/et_pb_column_inner][\/et_pb_row_inner][et_pb_row_inner admin_label=&#8220;Row&#8220; _builder_version=&#8220;4.16&#8243; global_colors_info=&#8220;{}&#8220; column_structure=&#8220;1_2,1_2&#8243;][et_pb_column_inner type=&#8220;1_2&#8243; saved_specialty_column_type=&#8220;2_3&#8243; module_class=&#8220;mp_blurb_column&#8220; _builder_version=&#8220;4.16&#8243; background_position=&#8220;top_left&#8220; custom_padding=&#8220;|||&#8220; global_colors_info=&#8220;{}&#8220; custom_padding__hover=&#8220;|||&#8220;][et_pb_text admin_label=&#8220;TXT Adresse&#8220; _builder_version=&#8220;4.16&#8243; background_size=&#8220;initial&#8220; background_position=&#8220;top_left&#8220; background_repeat=&#8220;repeat&#8220; max_width=&#8220;720px&#8220; custom_margin=&#8220;0px||40px|&#8220; custom_margin_tablet=&#8220;0px||38px|&#8220; custom_margin_phone=&#8220;&#8220; custom_margin_last_edited=&#8220;on|phone&#8220; custom_css_main_element=&#8220;font-weight:300;&#8220; border_style=&#8220;solid&#8220; global_colors_info=&#8220;{}&#8220;]<\/p>\n<p>\n<span style=\"color: #6db744;\"><strong>Kontakt<\/strong> <\/span><\/p>\n<p>Telefon <strong>+49 761 378 97<\/strong><br \/>Telefax <strong>+49 761 378 97<\/strong><\/p>\n<p>E-Mail: <strong>info@geoplan-uwt.de<\/strong><br \/>Website: <strong>www.geoplan-uwt.de<\/strong><\/p>\n<p>[\/et_pb_text][\/et_pb_column_inner][et_pb_column_inner type=&#8220;1_2&#8243; saved_specialty_column_type=&#8220;2_3&#8243; module_class=&#8220;mp_blurb_column&#8220; _builder_version=&#8220;4.16&#8243; background_position=&#8220;top_left&#8220; custom_padding=&#8220;|||&#8220; global_colors_info=&#8220;{}&#8220; custom_padding__hover=&#8220;|||&#8220;][et_pb_text admin_label=&#8220;TXT Handelsregister&#8220; _builder_version=&#8220;4.16&#8243; background_size=&#8220;initial&#8220; background_position=&#8220;top_left&#8220; background_repeat=&#8220;repeat&#8220; max_width=&#8220;720px&#8220; custom_margin=&#8220;0px||40px|&#8220; custom_margin_tablet=&#8220;0px||38px|&#8220; custom_margin_phone=&#8220;&#8220; custom_margin_last_edited=&#8220;on|phone&#8220; custom_css_main_element=&#8220;font-weight:300;&#8220; border_style=&#8220;solid&#8220; global_colors_info=&#8220;{}&#8220;][\/et_pb_text][\/et_pb_column_inner][\/et_pb_row_inner][\/et_pb_column][\/et_pb_section][et_pb_section fb_built=&#8220;1&#8243; _builder_version=&#8220;4.16&#8243; custom_padding=&#8220;0px|||&#8220; global_colors_info=&#8220;{}&#8220;][et_pb_row _builder_version=&#8220;4.16&#8243; background_size=&#8220;initial&#8220; background_position=&#8220;top_left&#8220; background_repeat=&#8220;repeat&#8220; custom_padding=&#8220;0|0px|0px|0px|false|false&#8220; global_colors_info=&#8220;{}&#8220;][et_pb_column type=&#8220;4_4&#8243; _builder_version=&#8220;4.16&#8243; custom_padding=&#8220;|||&#8220; global_colors_info=&#8220;{}&#8220; custom_padding__hover=&#8220;|||&#8220;][et_pb_divider color=&#8220;#b2b7b7&#8243; _builder_version=&#8220;4.16&#8243; height=&#8220;0px&#8220; global_colors_info=&#8220;{}&#8220;][\/et_pb_divider][\/et_pb_column][\/et_pb_row][et_pb_row _builder_version=&#8220;4.16&#8243; background_size=&#8220;initial&#8220; background_position=&#8220;top_left&#8220; background_repeat=&#8220;repeat&#8220; global_colors_info=&#8220;{}&#8220; column_structure=&#8220;1_3,1_3,1_3&#8243;][et_pb_column type=&#8220;1_3&#8243; _builder_version=&#8220;4.16&#8243; custom_padding=&#8220;|||&#8220; global_colors_info=&#8220;{}&#8220; custom_padding__hover=&#8220;|||&#8220;][et_pb_text admin_label=&#8220;TXT Haftungsausschluss&#8220; _builder_version=&#8220;4.16&#8243; background_size=&#8220;initial&#8220; background_position=&#8220;top_left&#8220; background_repeat=&#8220;repeat&#8220; max_width=&#8220;720px&#8220; custom_margin=&#8220;0px||40px|&#8220; custom_margin_tablet=&#8220;0px||38px|&#8220; custom_margin_phone=&#8220;&#8220; custom_margin_last_edited=&#8220;on|phone&#8220; custom_css_main_element=&#8220;font-weight:300;&#8220; border_style=&#8220;solid&#8220; global_colors_info=&#8220;{}&#8220;]<\/p>\n<p>\n<strong>Haftungsausschluss \/ Nutzungsbedingungen<\/strong><\/p>\n<p>Diese Website wird von Geoplan betrieben. Zugang und Nutzung derr Website unterliegen diesen Nutzungsbedingungen. Die Inhalte dieser Website haben wir mit gr\u00f6\u00dfter Sorgfalt erstellt. Gleichwohl \u00fcbernehmen wir keine Gew\u00e4hr oder Verantwortung f\u00fcr deren Richtigkeit, Vollst\u00e4ndigkeit oder Aktualit\u00e4t. Haftungsanspr\u00fcche gegen uns als Website-Betreiber, welche sich auf Sch\u00e4den materieller oder ideeller Art beziehen, die durch die Nutzung oder Nichtnutzung der auf dieser Website dargebotenen Inhalte bzw. durch die Nutzung fehlerhafter und unvollst\u00e4ndiger Informationen verursacht wurden, sind grunds\u00e4tzlich ausgeschlossen, sofern unsererseits kein nachweislich vors\u00e4tzliches oder grob fahrl\u00e4ssiges Verschulden vorliegt. Wir behalten uns vor, die Inhalte dieser Website jederzeit zu erg\u00e4nzen oder zu \u00e4ndern.<\/p>\n<p>[\/et_pb_text][\/et_pb_column][et_pb_column type=&#8220;1_3&#8243; _builder_version=&#8220;4.16&#8243; custom_padding=&#8220;|||&#8220; global_colors_info=&#8220;{}&#8220; custom_padding__hover=&#8220;|||&#8220;][et_pb_text admin_label=&#8220;TXT Haftung f\u00fcr Inhalte&#8220; _builder_version=&#8220;4.16&#8243; background_size=&#8220;initial&#8220; background_position=&#8220;top_left&#8220; background_repeat=&#8220;repeat&#8220; max_width=&#8220;720px&#8220; custom_margin=&#8220;0px||40px|&#8220; custom_margin_tablet=&#8220;0px||38px|&#8220; custom_margin_phone=&#8220;&#8220; custom_margin_last_edited=&#8220;on|phone&#8220; custom_css_main_element=&#8220;font-weight:300;&#8220; border_style=&#8220;solid&#8220; global_colors_info=&#8220;{}&#8220;]<\/p>\n<p>\n<strong>Haftung f\u00fcr Inhalte<\/strong><\/p>\n<p>Die Inhalte der Seiten wurden mit gr\u00f6\u00dfter Sorgfalt erstellt. F\u00fcr die Richtigkeit, Vollst\u00e4ndigkeit und Aktualit\u00e4t der Inhalte k\u00f6nnen wir jedoch keine Gew\u00e4hr \u00fcbernehmen. Als Diensteanbieter sind wir gem\u00e4\u00df \u00a7 7 Abs.1 TMG f\u00fcr eigene Inhalte auf diesen Seiten nach den allgemeinen Gesetzen verantwortlich. Nach \u00a7\u00a7 8 bis 10 TMG sind wir als Diensteanbieter jedoch nicht verpflichtet, \u00fcbermittelte oder gespeicherte fremde Informationen zu \u00fcberwachen oder nach Umst\u00e4nden zu forschen, die auf eine rechtswidrige T\u00e4tigkeit hinweisen. Verpflichtungen zur Entfernung oder Sperrung der Nutzung von Informationen nach den allgemeinen Gesetzen bleiben hiervon unber\u00fchrt. Eine diesbez\u00fcgliche Haftung ist jedoch erst ab dem Zeitpunkt der Kenntnis einer konkreten Rechtsverletzung m\u00f6glich. Bei Bekanntwerden von entsprechenden Rechtsverletzungen werden wir diese Inhalte umgehend entfernen.<\/p>\n<p>[\/et_pb_text][\/et_pb_column][et_pb_column type=&#8220;1_3&#8243; _builder_version=&#8220;4.16&#8243; custom_padding=&#8220;|||&#8220; global_colors_info=&#8220;{}&#8220; custom_padding__hover=&#8220;|||&#8220;][et_pb_text admin_label=&#8220;TXT Haftung f\u00fcr Links&#8220; _builder_version=&#8220;4.16&#8243; background_size=&#8220;initial&#8220; background_position=&#8220;top_left&#8220; background_repeat=&#8220;repeat&#8220; max_width=&#8220;720px&#8220; custom_margin=&#8220;0px||40px|&#8220; custom_margin_tablet=&#8220;0px||38px|&#8220; custom_margin_phone=&#8220;&#8220; custom_margin_last_edited=&#8220;on|phone&#8220; custom_css_main_element=&#8220;font-weight:300;&#8220; border_style=&#8220;solid&#8220; global_colors_info=&#8220;{}&#8220;]<\/p>\n<p>\n<strong>Haftung f\u00fcr Links<\/strong><\/p>\n<p>Unser Angebot enth\u00e4lt Verweise (Links) zu externen Webseiten Dritter, auf deren Inhalte wir keinen Einfluss haben. Deshalb k\u00f6nnen wir f\u00fcr diese fremden Inhalte auch keine Gew\u00e4hr \u00fcbernehmen. F\u00fcr die Inhalte der verlinkten Seiten ist stets und ausschlie\u00dflich der jeweilige Anbieter oder Betreiber der Seiten verantwortlich. Die verlinkten Seiten wurden zum Zeitpunkt der Verlinkung auf m\u00f6gliche Rechtsverst\u00f6\u00dfe \u00fcberpr\u00fcft. Rechtswidrige Inhalte waren zum Zeitpunkt der Verlinkung nicht erkennbar. Eine permanente inhaltliche Kontrolle der verlinkten Seiten ist jedoch ohne konkrete Anhaltspunkte einer Rechtsverletzung nicht zumutbar. Bei Bekanntwerden von Rechtsverletzungen werden wir derartige Links umgehend entfernen.<\/p>\n<p>[\/et_pb_text][\/et_pb_column][\/et_pb_row][et_pb_row _builder_version=&#8220;4.16&#8243; background_size=&#8220;initial&#8220; background_position=&#8220;top_left&#8220; background_repeat=&#8220;repeat&#8220; custom_padding=&#8220;0|0px|0px|0px|false|false&#8220; global_colors_info=&#8220;{}&#8220;][et_pb_column type=&#8220;4_4&#8243; _builder_version=&#8220;4.16&#8243; custom_padding=&#8220;|||&#8220; global_colors_info=&#8220;{}&#8220; custom_padding__hover=&#8220;|||&#8220;][et_pb_divider color=&#8220;#b2b7b7&#8243; _builder_version=&#8220;4.16&#8243; height=&#8220;0px&#8220; global_colors_info=&#8220;{}&#8220;][\/et_pb_divider][\/et_pb_column][\/et_pb_row][et_pb_row _builder_version=&#8220;4.16&#8243; background_size=&#8220;initial&#8220; background_position=&#8220;top_left&#8220; background_repeat=&#8220;repeat&#8220; global_colors_info=&#8220;{}&#8220; column_structure=&#8220;1_2,1_2&#8243;][et_pb_column type=&#8220;1_2&#8243; _builder_version=&#8220;4.16&#8243; custom_padding=&#8220;|||&#8220; global_colors_info=&#8220;{}&#8220; custom_padding__hover=&#8220;|||&#8220;][et_pb_text admin_label=&#8220;TXT Datenschutz&#8220; _builder_version=&#8220;4.16&#8243; background_size=&#8220;initial&#8220; background_position=&#8220;top_left&#8220; background_repeat=&#8220;repeat&#8220; max_width=&#8220;720px&#8220; custom_margin=&#8220;0px||40px|&#8220; custom_margin_tablet=&#8220;0px||38px|&#8220; custom_margin_phone=&#8220;&#8220; custom_margin_last_edited=&#8220;on|phone&#8220; custom_css_main_element=&#8220;font-weight:300;&#8220; border_style=&#8220;solid&#8220; global_colors_info=&#8220;{}&#8220;]<\/p>\n<p>\n<strong>Datenschutz<\/strong><\/p>\n<p>Die Nutzung unserer Webseite ist in der Regel ohne Angabe personenbezogener Daten m\u00f6glich. Soweit auf unseren Seiten personenbezogene Daten (beispielsweise Name, Anschrift oder eMail-Adressen) erhoben werden, erfolgt dies, soweit m\u00f6glich, stets auf freiwilliger Basis. Diese Daten werden ohne Ihre ausdr\u00fcckliche Zustimmung nicht an Dritte weitergegeben. Wir weisen darauf hin, dass die Daten\u00fcbertragung im Internet (z.B. bei der Kommunikation per E-Mail) Sicherheitsl\u00fccken aufweisen kann. Ein l\u00fcckenloser Schutz der Daten vor dem Zugriff durch Dritte ist nicht m\u00f6glich. Der Nutzung von im Rahmen der Impressumspflicht ver\u00f6ffentlichten Kontaktdaten durch Dritte zur \u00dcbersendung von nicht ausdr\u00fccklich angeforderter Werbung und Informationsmaterialien wird hiermit ausdr\u00fccklich widersprochen. Die Betreiber der Seiten behalten sich ausdr\u00fccklich rechtliche Schritte im Falle der unverlangten Zusendung von Werbeinformationen, etwa durch Spam-Mails, vor.<br \/>Bitte lesen sie <a href=\"https:\/\/www.geoplan-uwt.de\/cms\/datenschutz\/\">unsere detaillierte Erkl\u00e4rung zum Datenschutz<\/a>. Hier werden Sie dar\u00fcber informiert, welche Art von Daten erfasst und zu welchem Zweck sie erhoben werden. Mit der Nutzung der Webseite erkl\u00e4ren Sie sich mit den Bedingungen dieser Richtlinien zum Schutz pers\u00f6nlicher Daten einverstanden.<\/p>\n<p>[\/et_pb_text][\/et_pb_column][et_pb_column type=&#8220;1_2&#8243; _builder_version=&#8220;4.16&#8243; custom_padding=&#8220;|||&#8220; global_colors_info=&#8220;{}&#8220; custom_padding__hover=&#8220;|||&#8220;][et_pb_text admin_label=&#8220;TXT Haftung f\u00fcr Inhalte&#8220; _builder_version=&#8220;4.16&#8243; background_size=&#8220;initial&#8220; background_position=&#8220;top_left&#8220; background_repeat=&#8220;repeat&#8220; max_width=&#8220;720px&#8220; custom_margin=&#8220;0px||40px|&#8220; custom_margin_tablet=&#8220;0px||38px|&#8220; custom_margin_phone=&#8220;&#8220; custom_margin_last_edited=&#8220;on|phone&#8220; custom_css_main_element=&#8220;font-weight:300;&#8220; border_style=&#8220;solid&#8220; global_colors_info=&#8220;{}&#8220;]<\/p>\n<p>\n<strong>Copyright<\/strong><\/p>\n<p>S\u00e4mtliche durch die Seitenbetreiber erstellten Inhalte und Werke auf diesen Seiten unterliegen dem Urheberrechts-Gesetz der Bundesrepublik Deutschland (UrhG). Die Vervielf\u00e4ltigung, Bearbeitung, Verbreitung und jede Art der Verwertung au\u00dferhalb der Grenzen des Urheberrechtes bed\u00fcrfen der schriftlichen Zustimmung des jeweiligen Autors bzw. Erstellers. Downloads und Kopien dieser Seite sind nur f\u00fcr den privaten, nicht kommerziellen Gebrauch gestattet. Unerlaubter Gebrauch von urheberrechtlich gesch\u00fctzten Arbeiten ist strafbar (UrhG \u00a7 106). Soweit die Inhalte auf dieser Seite nicht vom Betreiber erstellt wurden, werden die Urheberrechte Dritter beachtet. Sollten Sie trotzdem auf eine Urheberrechtsverletzung aufmerksam werden, bitten wir um einen entsprechenden Hinweis. Bei Bekanntwerden von Rechtsverletzungen werden wir derartige Inhalte umgehend entfernen.<\/p>\n<p><strong>Quellennachweis der benutzten Motive<\/strong><\/p>\n<p>Unsplash \/ Pixabay \/ Geoplan \/ beebox<\/p>\n<p>[\/et_pb_text][\/et_pb_column][\/et_pb_row][\/et_pb_section]<\/p>\n","protected":false},"excerpt":{"rendered":"<p>Nutzungsbedingungen Impressum GeoplanB\u00fcro f\u00fcr UmwelttechnikOberrieder Sra\u00dfe 3D-79117 Freiburg i. Brsg. InhaberHermannm Buberl\u00a0 Dipl. ForstwirtUmsatzsteuer-ID: DE 243985541 Rechtliche Angaben gem\u00e4\u00df Telemediengesetz (TMG) \u00a7 5 der Bundesrepublik Deutschland Kontakt Telefon +49 761 378 97Telefax +49 761 378 97 E-Mail: info@geoplan-uwt.deWebsite: www.geoplan-uwt.de Haftungsausschluss \/ Nutzungsbedingungen Diese Website wird von Geoplan betrieben. Zugang und Nutzung derr Website unterliegen diesen [&hellip;]<\/p>\n","protected":false},"author":1,"featured_media":0,"parent":0,"menu_order":11,"comment_status":"closed","ping_status":"closed","template":"","meta":{"_et_pb_use_builder":"on","_et_pb_old_content":"","_et_gb_content_width":"","footnotes":""},"class_list":["post-208293","page","type-page","status-publish","hentry"],"_links":{"self":[{"href":"https:\/\/www.geoplan-uwt.de\/cms\/wp-json\/wp\/v2\/pages\/208293","targetHints":{"allow":["GET"]}}],"collection":[{"href":"https:\/\/www.geoplan-uwt.de\/cms\/wp-json\/wp\/v2\/pages"}],"about":[{"href":"https:\/\/www.geoplan-uwt.de\/cms\/wp-json\/wp\/v2\/types\/page"}],"author":[{"embeddable":true,"href":"https:\/\/www.geoplan-uwt.de\/cms\/wp-json\/wp\/v2\/users\/1"}],"replies":[{"embeddable":true,"href":"https:\/\/www.geoplan-uwt.de\/cms\/wp-json\/wp\/v2\/comments?post=208293"}],"version-history":[{"count":0,"href":"https:\/\/www.geoplan-uwt.de\/cms\/wp-json\/wp\/v2\/pages\/208293\/revisions"}],"wp:attachment":[{"href":"https:\/\/www.geoplan-uwt.de\/cms\/wp-json\/wp\/v2\/media?parent=208293"}],"curies":[{"name":"wp","href":"https:\/\/api.w.org\/{rel}","templated":true}]}}