{"id":208295,"date":"2018-06-20T19:31:39","date_gmt":"2018-06-20T17:31:39","guid":{"rendered":"https:\/\/www.geoplan-uwt.de\/cms\/?page_id=208295"},"modified":"2023-11-13T11:40:25","modified_gmt":"2023-11-13T10:40:25","slug":"kontakt","status":"publish","type":"page","link":"https:\/\/www.geoplan-uwt.de\/cms\/kontakt\/","title":{"rendered":"Kontakt"},"content":{"rendered":"<p>[et_pb_section fb_built=&#8220;1&#8243; disabled_on=&#8220;off|off|off&#8220; admin_label=&#8220;Header Section&#8220; _builder_version=&#8220;4.16&#8243; background_image=&#8220;https:\/\/www.geoplan-uwt.de\/cms\/wp-content\/uploads\/2018\/06\/PX-Frosch-1920&#215;1080.jpg&#8220; background_position=&#8220;top_center&#8220; custom_padding=&#8220;0px||50px||false|false&#8220; collapsed=&#8220;off&#8220; global_colors_info=&#8220;{}&#8220;][et_pb_row column_padding_mobile=&#8220;on&#8220; custom_padding_last_edited=&#8220;on|desktop&#8220; admin_label=&#8220;row&#8220; _builder_version=&#8220;4.16&#8243; background_size=&#8220;initial&#8220; background_position=&#8220;top_left&#8220; background_repeat=&#8220;repeat&#8220; custom_padding=&#8220;6.8%||39.2%||false|false&#8220; custom_padding_tablet=&#8220;&#8220; custom_padding_phone=&#8220;100px||100px|&#8220; collapsed=&#8220;off&#8220; global_colors_info=&#8220;{}&#8220;][et_pb_column type=&#8220;4_4&#8243; _builder_version=&#8220;4.16&#8243; custom_padding=&#8220;|||&#8220; global_colors_info=&#8220;{}&#8220; custom_padding__hover=&#8220;|||&#8220;][et_pb_divider show_divider=&#8220;off&#8220; _builder_version=&#8220;4.16&#8243; global_colors_info=&#8220;{}&#8220;][\/et_pb_divider][\/et_pb_column][\/et_pb_row][\/et_pb_section][et_pb_section fb_built=&#8220;1&#8243; use_custom_gutter=&#8220;on&#8220; gutter_width=&#8220;4&#8243; specialty=&#8220;on&#8220; parallax_method_1=&#8220;off&#8220; parallax_method_2=&#8220;off&#8220; background_repeat_1=&#8220;no-repeat&#8220; background_repeat_2=&#8220;no-repeat&#8220; background_position_1=&#8220;top_left&#8220; background_position_2=&#8220;top_left&#8220; admin_label=&#8220;Contact Us&#8220; _builder_version=&#8220;4.16&#8243; background_color=&#8220;#ffffff&#8220; background_blend=&#8220;overlay&#8220; custom_padding=&#8220;0px||0px|&#8220; border_radii=&#8220;on|0px|0px|0px|0px&#8220; padding_mobile=&#8220;on&#8220; collapsed=&#8220;off&#8220; global_colors_info=&#8220;{}&#8220;][et_pb_column type=&#8220;1_3&#8243; _builder_version=&#8220;4.16&#8243; custom_padding=&#8220;|||&#8220; global_colors_info=&#8220;{}&#8220; custom_padding__hover=&#8220;|||&#8220;][et_pb_divider show_divider=&#8220;off&#8220; _builder_version=&#8220;4.16&#8243; height=&#8220;100px&#8220; hide_on_mobile=&#8220;off&#8220; global_colors_info=&#8220;{}&#8220;][\/et_pb_divider][et_pb_blurb title=&#8220;+49 761 \/ 378 97&#8243; url=&#8220;tel:+4976137807&#8243; use_icon=&#8220;on&#8220; font_icon=&#8220;&#xe090;||divi||400&#8243; icon_placement=&#8220;left&#8220; image_icon_width=&#8220;30px&#8220; admin_label=&#8220;Informationstext Telefon&#8220; _builder_version=&#8220;4.23.1&#8243; header_font_size=&#8220;25&#8243; body_text_color=&#8220;#6f6f6f&#8220; animation=&#8220;off&#8220; custom_css_blurb_image=&#8220;text-align: left;||margin-bottom: 8px;&#8220; custom_css_blurb_title=&#8220;font-weight: 300;&#8220; border_style=&#8220;solid&#8220; icon_font_size=&#8220;30px&#8220; global_colors_info=&#8220;{}&#8220;]<\/p>\n<p>Telefon<\/p>\n<p>[\/et_pb_blurb][et_pb_blurb title=&#8220;+49 761 \/ 378 97&#8243; use_icon=&#8220;on&#8220; font_icon=&#8220;&#xe0fa;||divi||400&#8243; icon_placement=&#8220;left&#8220; image_icon_width=&#8220;30px&#8220; admin_label=&#8220;Informationstext Telefax&#8220; _builder_version=&#8220;4.23.1&#8243; header_font_size=&#8220;25&#8243; body_text_color=&#8220;#6f6f6f&#8220; animation=&#8220;off&#8220; custom_css_blurb_image=&#8220;text-align: left;||margin-bottom: 8px;&#8220; custom_css_blurb_title=&#8220;font-weight: 300;&#8220; border_style=&#8220;solid&#8220; icon_font_size=&#8220;30px&#8220; global_colors_info=&#8220;{}&#8220;]<\/p>\n<p>Telefax<\/p>\n<p>[\/et_pb_blurb][et_pb_divider divider_position=&#8220;center&#8220; divider_weight=&#8220;2&#8243; admin_label=&#8220;Divider (left)&#8220; _builder_version=&#8220;4.16&#8243; custom_css_before=&#8220;width: 100px;&#8220; hide_on_mobile=&#8220;off&#8220; global_colors_info=&#8220;{}&#8220;][\/et_pb_divider][et_pb_text admin_label=&#8220;Text Firmenadresse&#8220; _builder_version=&#8220;4.23.1&#8243; text_text_color=&#8220;#aaaaaa&#8220; text_font_size=&#8220;18px&#8220; hover_enabled=&#8220;0&#8243; global_colors_info=&#8220;{}&#8220; link_text_color=&#8220;#6DB744&#8243; link_text_color__hover_enabled=&#8220;on|desktop&#8220; sticky_enabled=&#8220;0&#8243; link_text_color__hover=&#8220;#6DB744&#8243;]<\/p>\n<p><strong>Geoplan<\/strong><br \/>B\u00fcro f\u00fcr Umwelttechnik<br \/>Inh. Hermann Buberl<br \/>Oberrieder Stra\u00dfe 3<br \/>79117 Freiburg i. Brsg.<\/p>\n<p>[\/et_pb_text][et_pb_text admin_label=&#8220;Text Mail+Web&#8220; _builder_version=&#8220;4.23.1&#8243; text_text_color=&#8220;#aaaaaa&#8220; text_font_size=&#8220;18px&#8220; hover_enabled=&#8220;0&#8243; global_colors_info=&#8220;{}&#8220; link_text_color=&#8220;#aaaaaa&#8220; link_text_color__hover_enabled=&#8220;on|hover&#8220; sticky_enabled=&#8220;0&#8243; link_text_color__hover=&#8220;#6DB744&#8243;]<\/p>\n<p><a href=\"mailto:info@geoplan-uwt.de\">info@geoplan-uwt.de<\/a><br \/>www.geoplan-uwt.de<\/p>\n<p>[\/et_pb_text][\/et_pb_column][et_pb_column type=&#8220;2_3&#8243; specialty_columns=&#8220;2&#8243; _builder_version=&#8220;4.16&#8243; custom_padding=&#8220;|||&#8220; global_colors_info=&#8220;{}&#8220; custom_padding__hover=&#8220;|||&#8220;][et_pb_row_inner column_padding_mobile=&#8220;on&#8220; custom_padding_last_edited=&#8220;on|tablet&#8220; admin_label=&#8220;Row&#8220; _builder_version=&#8220;4.16&#8243; custom_padding=&#8220;132px||120px|&#8220; custom_padding_tablet=&#8220;60px||120px|&#8220; custom_padding_phone=&#8220;&#8220; global_colors_info=&#8220;{}&#8220;][et_pb_column_inner saved_specialty_column_type=&#8220;2_3&#8243; _builder_version=&#8220;4.16&#8243; custom_padding=&#8220;|||&#8220; global_colors_info=&#8220;{}&#8220; custom_padding__hover=&#8220;|||&#8220;][et_pb_text admin_label=&#8220;Header Kontakt&#8220; _builder_version=&#8220;4.16&#8243; text_font_size=&#8220;45&#8243; background_size=&#8220;initial&#8220; background_position=&#8220;top_left&#8220; background_repeat=&#8220;repeat&#8220; max_width_tablet=&#8220;&#8220; max_width_phone=&#8220;&#8220; max_width_last_edited=&#8220;on|phone&#8220; custom_margin=&#8220;||10px|&#8220; text_font_size_tablet=&#8220;35&#8243; text_font_size_phone=&#8220;25&#8243; text_font_size_last_edited=&#8220;off|phone&#8220; header_font_size_last_edited=&#8220;off|desktop&#8220; custom_css_main_element=&#8220;font-weight:900!important;&#8220; border_style=&#8220;solid&#8220; global_colors_info=&#8220;{}&#8220;]<\/p>\n<h2>Kontakt<\/h2>\n<p>[\/et_pb_text][et_pb_divider divider_position=&#8220;center&#8220; divider_weight=&#8220;2&#8243; admin_label=&#8220;Divider (left)&#8220; _builder_version=&#8220;4.16&#8243; custom_css_before=&#8220;width: 100px;&#8220; hide_on_mobile=&#8220;off&#8220; global_colors_info=&#8220;{}&#8220;][\/et_pb_divider][et_pb_text admin_label=&#8220;Text Mail-Intro&#8220; _builder_version=&#8220;4.16&#8243; text_font=&#8220;Roboto||||&#8220; text_font_size=&#8220;18&#8243; text_line_height=&#8220;1.4em&#8220; background_size=&#8220;initial&#8220; background_position=&#8220;top_left&#8220; background_repeat=&#8220;repeat&#8220; max_width=&#8220;440px&#8220; max_width_tablet=&#8220;100%&#8220; max_width_phone=&#8220;&#8220; max_width_last_edited=&#8220;on|desktop&#8220; custom_margin=&#8220;5%|||&#8220; custom_margin_tablet=&#8220;3%|||&#8220; custom_margin_phone=&#8220;7%|||&#8220; custom_margin_last_edited=&#8220;on|phone&#8220; text_font_size_tablet=&#8220;&#8220; text_font_size_phone=&#8220;&#8220; text_font_size_last_edited=&#8220;on|desktop&#8220; custom_css_main_element=&#8220;font-weight:300;&#8220; border_style=&#8220;solid&#8220; global_colors_info=&#8220;{}&#8220;]<\/p>\n<p>\nWir freuen uns \u00fcber Ihre Anfrage.<\/p>\n<p>[\/et_pb_text][et_pb_contact_form email=&#8220;info@geoplan-uwt.de&#8220; success_message=&#8220;Herzlichen Dank f\u00fcr Ihre Nachricht. Wir werden uns in K\u00fcrze bei Ihnen melden.&#8220; submit_button_text=&#8220;Nachricht senden&#8220; module_id=&#8220;et_pb_contact_form_0&#8243; _builder_version=&#8220;4.16&#8243; _unique_id=&#8220;f6c15820-66eb-4d9b-8a85-8ad1c2561480&#8243; form_field_background_color=&#8220;#f9f9f9&#8243; form_field_text_color=&#8220;#6db744&#8243; title_text_color=&#8220;#606768&#8243; title_font_size=&#8220;15&#8243; form_field_font_size=&#8220;18&#8243; custom_button=&#8220;on&#8220; button_text_size=&#8220;13&#8243; button_text_color=&#8220;#ffffff&#8220; button_bg_color=&#8220;#6db744&#8243; button_border_radius=&#8220;20px&#8220; button_font=&#8220;|||on|||||&#8220; button_use_icon=&#8220;off&#8220; custom_css_contact_button=&#8220;padding-top: 10px !important;||padding-right: 22px !important;||padding-bottom: 10px !important;||padding-left: 22px !important;&#8220; border_radii=&#8220;|20px|20px|20px|20px&#8220; border_width_all=&#8220;1px&#8220; border_color_all=&#8220;#b2b7b7&#8243; button_text_shadow_style=&#8220;preset1&#8243; border_style=&#8220;solid&#8220; input_border_radius=&#8220;0&#8243; form_background_color=&#8220;#f9f9f9&#8243; global_colors_info=&#8220;{}&#8220;][et_pb_contact_field field_id=&#8220;Firma&#8220; field_title=&#8220;Firma&#8220; _builder_version=&#8220;4.16&#8243; form_field_background_color=&#8220;rgba(255,255,255,0.22)&#8220; form_field_font=&#8220;||||&#8220; use_border_color=&#8220;off&#8220; border_style=&#8220;solid&#8220; field_background_color=&#8220;rgba(255,255,255,0.22)&#8220; global_colors_info=&#8220;{}&#8220;][\/et_pb_contact_field][et_pb_contact_field field_id=&#8220;Name&#8220; field_title=&#8220;Name&#8220; _builder_version=&#8220;4.16&#8243; form_field_background_color=&#8220;rgba(255,255,255,0.22)&#8220; form_field_font=&#8220;||||&#8220; use_border_color=&#8220;off&#8220; border_style=&#8220;solid&#8220; field_background_color=&#8220;rgba(255,255,255,0.22)&#8220; global_colors_info=&#8220;{}&#8220;][\/et_pb_contact_field][et_pb_contact_field field_id=&#8220;Email&#8220; field_title=&#8220;E-Mail Adresse&#8220; field_type=&#8220;email&#8220; _builder_version=&#8220;4.16&#8243; form_field_background_color=&#8220;rgba(255,255,255,0.22)&#8220; form_field_font=&#8220;||||&#8220; use_border_color=&#8220;off&#8220; border_style=&#8220;solid&#8220; field_background_color=&#8220;rgba(255,255,255,0.22)&#8220; global_colors_info=&#8220;{}&#8220;][\/et_pb_contact_field][et_pb_contact_field field_id=&#8220;Telefon&#8220; field_title=&#8220;Telefon&#8220; _builder_version=&#8220;4.16&#8243; form_field_background_color=&#8220;rgba(255,255,255,0.22)&#8220; form_field_font=&#8220;||||&#8220; use_border_color=&#8220;off&#8220; border_style=&#8220;solid&#8220; field_background_color=&#8220;rgba(255,255,255,0.22)&#8220; global_colors_info=&#8220;{}&#8220;][\/et_pb_contact_field][et_pb_contact_field field_id=&#8220;Nachricht&#8220; field_title=&#8220;Ihre Nachricht&#8220; field_type=&#8220;text&#8220; _builder_version=&#8220;4.16&#8243; form_field_background_color=&#8220;rgba(255,255,255,0.22)&#8220; form_field_font=&#8220;||||&#8220; use_border_color=&#8220;off&#8220; border_style=&#8220;solid&#8220; field_background_color=&#8220;rgba(255,255,255,0.22)&#8220; global_colors_info=&#8220;{}&#8220;][\/et_pb_contact_field][et_pb_contact_field field_id=&#8220;Service&#8220; field_title=&#8220;Ich brauche Unterst\u00fctzung &#8220; field_type=&#8220;radio&#8220; radio_options=&#8220;%91{%22value%22:%22Beratung%22,%22checked%22:0,%22dragID%22:-1,%22link_url%22:%22%22,%22link_text%22:%22%22},{%22value%22:%22Bodenkunde%22,%22checked%22:0,%22dragID%22:0},{%22value%22:%22Hydrologie%22,%22checked%22:0,%22dragID%22:1},{%22value%22:%22Umweltmonitoring%22,%22checked%22:0,%22dragID%22:2},{%22value%22:%22Messtechnik%22,%22checked%22:0,%22dragID%22:3}%93&#8243; required_mark=&#8220;off&#8220; _builder_version=&#8220;4.16&#8243; form_field_background_color=&#8220;rgba(255,255,255,0.22)&#8220; form_field_font_size=&#8220;15&#8243; form_field_font_size_tablet=&#8220;15&#8243; form_field_font_size_phone=&#8220;15&#8243; custom_css_main_element=&#8220;color: #ffffff!important;&#8220; use_border_color=&#8220;off&#8220; border_style=&#8220;solid&#8220; field_background_color=&#8220;rgba(255,255,255,0.22)&#8220; global_colors_info=&#8220;{}&#8220;][\/et_pb_contact_field][et_pb_contact_field field_id=&#8220;datenschutz&#8220; field_title=&#8220;Datenschutz&#8220; field_type=&#8220;checkbox&#8220; checkbox_options=&#8220;%91{%22value%22:%22Ich bin mit den Bestimmungen zum Datenschutz einverstanden.%22,%22checked%22:0,%22dragID%22:-1}%93&#8243; fullwidth_field=&#8220;on&#8220; _builder_version=&#8220;4.16&#8243; _module_preset=&#8220;default&#8220; global_colors_info=&#8220;{}&#8220;][\/et_pb_contact_field][et_pb_contact_field field_id=&#8220;e-mail-verifikation&#8220; field_title=&#8220;Wiederholung Ihrer E-Mail zur Verifikation&#8220; field_type=&#8220;email&#8220; fullwidth_field=&#8220;on&#8220; conditional_logic=&#8220;on&#8220; conditional_logic_relation=&#8220;on&#8220; conditional_logic_rules=&#8220;%91{%22field%22:%22datenschutz%22,%22condition%22:%22is%22,%22value%22:%22Ich bin mit den Bestimmungen zum Datenschutz einverstanden.%22}%93&#8243; _builder_version=&#8220;4.16&#8243; _module_preset=&#8220;default&#8220; global_colors_info=&#8220;{}&#8220;][\/et_pb_contact_field][\/et_pb_contact_form][\/et_pb_column_inner][\/et_pb_row_inner][\/et_pb_column][\/et_pb_section]<\/p>\n","protected":false},"excerpt":{"rendered":"<p>TelefonTelefaxGeoplanB\u00fcro f\u00fcr UmwelttechnikInh. Hermann BuberlOberrieder Stra\u00dfe 379117 Freiburg i. Brsg.info@geoplan-uwt.dewww.geoplan-uwt.deKontakt Wir freuen uns \u00fcber Ihre Anfrage.<\/p>\n","protected":false},"author":1,"featured_media":0,"parent":0,"menu_order":9,"comment_status":"closed","ping_status":"closed","template":"","meta":{"_et_pb_use_builder":"on","_et_pb_old_content":"","_et_gb_content_width":"","footnotes":""},"class_list":["post-208295","page","type-page","status-publish","hentry"],"_links":{"self":[{"href":"https:\/\/www.geoplan-uwt.de\/cms\/wp-json\/wp\/v2\/pages\/208295","targetHints":{"allow":["GET"]}}],"collection":[{"href":"https:\/\/www.geoplan-uwt.de\/cms\/wp-json\/wp\/v2\/pages"}],"about":[{"href":"https:\/\/www.geoplan-uwt.de\/cms\/wp-json\/wp\/v2\/types\/page"}],"author":[{"embeddable":true,"href":"https:\/\/www.geoplan-uwt.de\/cms\/wp-json\/wp\/v2\/users\/1"}],"replies":[{"embeddable":true,"href":"https:\/\/www.geoplan-uwt.de\/cms\/wp-json\/wp\/v2\/comments?post=208295"}],"version-history":[{"count":0,"href":"https:\/\/www.geoplan-uwt.de\/cms\/wp-json\/wp\/v2\/pages\/208295\/revisions"}],"wp:attachment":[{"href":"https:\/\/www.geoplan-uwt.de\/cms\/wp-json\/wp\/v2\/media?parent=208295"}],"curies":[{"name":"wp","href":"https:\/\/api.w.org\/{rel}","templated":true}]}}